{"id":98,"date":"2022-02-03T01:04:52","date_gmt":"2022-02-03T00:04:52","guid":{"rendered":"https:\/\/pro-found.de\/?page_id=98"},"modified":"2026-04-22T11:37:30","modified_gmt":"2026-04-22T09:37:30","slug":"karriere","status":"publish","type":"page","link":"https:\/\/pro-found.de\/en\/karriere\/","title":{"rendered":"Career"},"content":{"rendered":"<div data-elementor-type=\"wp-page\" data-elementor-id=\"98\" class=\"elementor elementor-98\">\n\t\t\t\t\t\t<section class=\"elementor-section elementor-top-section elementor-element elementor-element-72ad976 elementor-section-full_width elementor-section-height-default elementor-section-height-default\" data-id=\"72ad976\" data-element_type=\"section\" data-e-type=\"section\">\n\t\t\t\t\t\t<div class=\"elementor-container elementor-column-gap-default\">\n\t\t\t\t\t<div class=\"elementor-column elementor-col-100 elementor-top-column elementor-element elementor-element-050b123\" data-id=\"050b123\" data-element_type=\"column\" data-e-type=\"column\">\n\t\t\t<div class=\"elementor-widget-wrap elementor-element-populated\">\n\t\t\t\t\t\t<div class=\"elementor-element elementor-element-14f15f1 elementor-widget elementor-widget-heading\" data-id=\"14f15f1\" data-element_type=\"widget\" data-e-type=\"widget\" data-widget_type=\"heading.default\">\n\t\t\t\t<div class=\"elementor-widget-container\">\n\t\t\t\t\t<h2 class=\"elementor-heading-title elementor-size-default\">Current vacancies<\/h2>\t\t\t\t<\/div>\n\t\t\t\t<\/div>\n\t\t\t\t<div class=\"elementor-element elementor-element-da5583b elementor-widget elementor-widget-text-editor\" data-id=\"da5583b\" data-element_type=\"widget\" data-e-type=\"widget\" data-widget_type=\"text-editor.default\">\n\t\t\t\t<div class=\"elementor-widget-container\">\n\t\t\t\t\t\t\t\t\t<p>We are an independent brokerage firm for occupational pensions (bAV). Through our activities, occupational pensions become an effective strategic management tool for your company.<\/p><p>We provide consulting and implementation support to medium-sized companies from all over Germany for the revision or redesign of company pension schemes, and are the first point of contact for our clients when it comes to informing and advising all groups of people.<\/p>\t\t\t\t\t\t\t\t<\/div>\n\t\t\t\t<\/div>\n\t\t\t\t<div class=\"elementor-element elementor-element-5007085 elementor-alert-info elementor-widget elementor-widget-alert\" data-id=\"5007085\" data-element_type=\"widget\" data-e-type=\"widget\" data-widget_type=\"alert.default\">\n\t\t\t\t<div class=\"elementor-widget-container\">\n\t\t\t\t\t\t\t<div class=\"elementor-alert\" role=\"alert\">\n\n\t\t\t\t\t\t<span class=\"elementor-alert-title\"><p><span style=\"color: #c2952b;font-weight: bold\">You can find our current tenders here.<\/span><\/p><\/span>\n\t\t\t\n\t\t\t\t\t\t<span class=\"elementor-alert-description\">Unfortunately there are currently no vacancies.<\/span>\n\t\t\t\n\t\t\t\t\t\t<button type=\"button\" class=\"elementor-alert-dismiss\" aria-label=\"Hide hint.\">\n\t\t\t\t\t\t\t\t\t<span aria-hidden=\"true\">\u00d7<\/span>\n\t\t\t\t\t\t\t<\/button>\n\t\t\t\n\t\t<\/div>\n\t\t\t\t\t\t<\/div>\n\t\t\t\t<\/div>\n\t\t\t\t\t<\/div>\n\t\t<\/div>\n\t\t\t\t\t<\/div>\n\t\t<\/section>\n\t\t\t\t<\/div>","protected":false},"excerpt":{"rendered":"<p>Aktuelle Stellenangebote Wir sind ein ungebundener Versicherungsmakler f\u00fcr die betriebliche Altersversorgung (bAV). Durch unsere T\u00e4tigkeit wird eine betriebliche Altersversorgung zu einem wirksamen strategischen Instrument der Unternehmensf\u00fchrung. Wir stehen mittelst\u00e4ndischen Unternehmen aus ganz Deutschland beratend und ausf\u00fchrend bei der \u00dcberarbeitung oder Neukonzeption von Versorgungswerken zur Seite und sind bei der Information und Beratung aller Personengruppen erster&hellip; <br \/> <a class=\"read-more\" href=\"https:\/\/pro-found.de\/en\/karriere\/\">Read more<\/a><\/p>","protected":false},"author":1,"featured_media":162,"parent":0,"menu_order":0,"comment_status":"closed","ping_status":"closed","template":"","meta":{"footnotes":""},"class_list":["post-98","page","type-page","status-publish","has-post-thumbnail","hentry"],"_links":{"self":[{"href":"https:\/\/pro-found.de\/en\/wp-json\/wp\/v2\/pages\/98"}],"collection":[{"href":"https:\/\/pro-found.de\/en\/wp-json\/wp\/v2\/pages"}],"about":[{"href":"https:\/\/pro-found.de\/en\/wp-json\/wp\/v2\/types\/page"}],"author":[{"embeddable":true,"href":"https:\/\/pro-found.de\/en\/wp-json\/wp\/v2\/users\/1"}],"replies":[{"embeddable":true,"href":"https:\/\/pro-found.de\/en\/wp-json\/wp\/v2\/comments?post=98"}],"version-history":[{"count":25,"href":"https:\/\/pro-found.de\/en\/wp-json\/wp\/v2\/pages\/98\/revisions"}],"predecessor-version":[{"id":1331,"href":"https:\/\/pro-found.de\/en\/wp-json\/wp\/v2\/pages\/98\/revisions\/1331"}],"wp:featuredmedia":[{"embeddable":true,"href":"https:\/\/pro-found.de\/en\/wp-json\/wp\/v2\/media\/162"}],"wp:attachment":[{"href":"https:\/\/pro-found.de\/en\/wp-json\/wp\/v2\/media?parent=98"}],"curies":[{"name":"wp","href":"https:\/\/api.w.org\/{rel}","templated":true}]}}